{"id":11215,"date":"2021-09-17T11:06:21","date_gmt":"2021-09-17T09:06:21","guid":{"rendered":"https:\/\/fussball.turbine-dresden.de\/?page_id=11215"},"modified":"2023-12-14T08:29:12","modified_gmt":"2023-12-14T07:29:12","slug":"sponsoren","status":"publish","type":"page","link":"https:\/\/fussball.turbine-dresden.de\/index.php\/sponsoren\/","title":{"rendered":"Sponsoren"},"content":{"rendered":"\n<p>Hier sehen Sie unsere Partner &#8211; Wir sind sehr stolz darauf als Verein mit diesen Firmen eine aktive Kooperation zu pflegen. Bei uns hei\u00dft es nicht nur &#8222;Geld ist wahres&#8220;, bei uns zahlt der &#8222;Win &#8211; Win&#8220; Effekt. Jede Kooperation ist f\u00fcr uns wichtig und Interessant. Wir sind eine gro\u00dfe Familie die f\u00fcr den gemeinsamen Erfolg alles gibt.<\/p>\n\n\n\n<p>ERFOLG IST KEINE EINSEITE GESCHICHTE!<\/p>\n\n\n\n<p>Wollen auch auch Sie ein Teil unsere Familie sein? Dann melden Sie sich bei uns unter fussball@turbine-dresden.de<\/p>\n\n\n\n<p><\/p>\n\n\n\n<p>Uns geht es nicht ums Geld, haben Sie eine tolle Idee und ben\u00f6tigen Starthilfe oder haben Sie andere Projekte wo Sie Unterst\u00fctzung ben\u00f6tigen, rufen Sie uns gerne an.<\/p>\n\n\n\n<p>Mehr zu unseren Partnern , ganz einfach auf das Logo klicken!<\/p>\n\n\n\n<div class=\"wp-block-columns is-layout-flex wp-container-core-columns-is-layout-9d6595d7 wp-block-columns-is-layout-flex\">\n<div class=\"wp-block-column is-layout-flow wp-block-column-is-layout-flow\">\n<figure class=\"wp-block-image size-full\"><a href=\"https:\/\/lldesaxe-fashion.de\/\"><img loading=\"lazy\" decoding=\"async\" width=\"399\" height=\"222\" src=\"https:\/\/fussball.turbine-dresden.de\/wp-content\/uploads\/2022\/06\/image001.png\" alt=\"\" class=\"wp-image-11527\" srcset=\"https:\/\/fussball.turbine-dresden.de\/wp-content\/uploads\/2022\/06\/image001.png 399w, https:\/\/fussball.turbine-dresden.de\/wp-content\/uploads\/2022\/06\/image001-300x167.png 300w\" sizes=\"auto, (max-width: 399px) 100vw, 399px\" \/><\/a><\/figure>\n<\/div>\n\n\n\n<div class=\"wp-block-column is-layout-flow wp-block-column-is-layout-flow\">\n<figure class=\"wp-block-image size-full\"><a href=\"https:\/\/sporteck-uhlmann.de\/\"><img loading=\"lazy\" decoding=\"async\" width=\"300\" height=\"200\" src=\"https:\/\/fussball.turbine-dresden.de\/wp-content\/uploads\/2021\/06\/dein_teamsportprofi-1.png\" alt=\"\" class=\"wp-image-10983\"\/><\/a><\/figure>\n<\/div>\n\n\n\n<div class=\"wp-block-column is-layout-flow wp-block-column-is-layout-flow\">\n<figure class=\"wp-block-image size-full is-resized\"><a href=\"https:\/\/fitnessloft.de\/fitnessstudios\/dresden\/\"><img loading=\"lazy\" decoding=\"async\" width=\"340\" height=\"340\" src=\"https:\/\/fussball.turbine-dresden.de\/wp-content\/uploads\/2021\/09\/csm_Logo_FitnessLoft-Neu_0f64486701-3.jpg\" alt=\"\" class=\"wp-image-11227\" style=\"width:209px;height:209px\" srcset=\"https:\/\/fussball.turbine-dresden.de\/wp-content\/uploads\/2021\/09\/csm_Logo_FitnessLoft-Neu_0f64486701-3.jpg 340w, https:\/\/fussball.turbine-dresden.de\/wp-content\/uploads\/2021\/09\/csm_Logo_FitnessLoft-Neu_0f64486701-3-300x300.jpg 300w, https:\/\/fussball.turbine-dresden.de\/wp-content\/uploads\/2021\/09\/csm_Logo_FitnessLoft-Neu_0f64486701-3-150x150.jpg 150w\" sizes=\"auto, (max-width: 340px) 100vw, 340px\" \/><\/a><\/figure>\n<\/div>\n<\/div>\n\n\n\n<div class=\"wp-block-columns is-layout-flex wp-container-core-columns-is-layout-9d6595d7 wp-block-columns-is-layout-flex\">\n<div class=\"wp-block-column is-layout-flow wp-block-column-is-layout-flow\">\n<figure class=\"wp-block-image size-full is-resized\"><a href=\"https:\/\/dresdnerespresso.com\/\"><img loading=\"lazy\" decoding=\"async\" width=\"512\" height=\"512\" src=\"https:\/\/fussball.turbine-dresden.de\/wp-content\/uploads\/2021\/09\/cropped-Dresdner-Espresso-Logo.png\" alt=\"\" class=\"wp-image-11226\" style=\"width:206px;height:206px\" srcset=\"https:\/\/fussball.turbine-dresden.de\/wp-content\/uploads\/2021\/09\/cropped-Dresdner-Espresso-Logo.png 512w, https:\/\/fussball.turbine-dresden.de\/wp-content\/uploads\/2021\/09\/cropped-Dresdner-Espresso-Logo-300x300.png 300w, https:\/\/fussball.turbine-dresden.de\/wp-content\/uploads\/2021\/09\/cropped-Dresdner-Espresso-Logo-150x150.png 150w, https:\/\/fussball.turbine-dresden.de\/wp-content\/uploads\/2021\/09\/cropped-Dresdner-Espresso-Logo-400x400.png 400w\" sizes=\"auto, (max-width: 512px) 100vw, 512px\" \/><\/a><\/figure>\n<\/div>\n\n\n\n<div class=\"wp-block-column is-layout-flow wp-block-column-is-layout-flow\">\n<figure class=\"wp-block-image size-full\"><a href=\"https:\/\/www.hacker-pschorr-dresden.de\/\"><img loading=\"lazy\" decoding=\"async\" width=\"150\" height=\"178\" src=\"https:\/\/fussball.turbine-dresden.de\/wp-content\/uploads\/2021\/07\/2021-07-19-09_57_01-HackerPschorrDresden.pdf-Adobe-Acrobat-Reader-2017-e1626693402403.png\" alt=\"\" class=\"wp-image-11141\"\/><\/a><\/figure>\n<\/div>\n\n\n\n<div class=\"wp-block-column is-layout-flow wp-block-column-is-layout-flow\">\n<figure class=\"wp-block-image size-large is-resized\"><a href=\"https:\/\/fanklamotte.de\/produkt-kategorie\/dein-fanshop\/ssv-turbine-dresden\/\"><img loading=\"lazy\" decoding=\"async\" width=\"747\" height=\"1024\" src=\"https:\/\/fussball.turbine-dresden.de\/wp-content\/uploads\/2021\/09\/logo-fanklamotte-747x1024.png\" alt=\"\" class=\"wp-image-11166\" style=\"width:130px;height:178px\" srcset=\"https:\/\/fussball.turbine-dresden.de\/wp-content\/uploads\/2021\/09\/logo-fanklamotte-747x1024.png 747w, https:\/\/fussball.turbine-dresden.de\/wp-content\/uploads\/2021\/09\/logo-fanklamotte-219x300.png 219w, https:\/\/fussball.turbine-dresden.de\/wp-content\/uploads\/2021\/09\/logo-fanklamotte-768x1052.png 768w, https:\/\/fussball.turbine-dresden.de\/wp-content\/uploads\/2021\/09\/logo-fanklamotte.png 821w\" sizes=\"auto, (max-width: 747px) 100vw, 747px\" \/><\/a><\/figure>\n<\/div>\n<\/div>\n\n\n\n<div class=\"wp-block-columns is-layout-flex wp-container-core-columns-is-layout-9d6595d7 wp-block-columns-is-layout-flex\">\n<div class=\"wp-block-column is-layout-flow wp-block-column-is-layout-flow\">\n<figure class=\"wp-block-image size-large\"><a href=\"https:\/\/www.weinzentrale.com\/\"><img loading=\"lazy\" decoding=\"async\" width=\"1024\" height=\"136\" src=\"https:\/\/fussball.turbine-dresden.de\/wp-content\/uploads\/2021\/06\/LOGO_WEINZENTRALE-1024x136.jpg\" alt=\"\" class=\"wp-image-10987\"\/><\/a><\/figure>\n<\/div>\n\n\n\n<div class=\"wp-block-column is-layout-flow wp-block-column-is-layout-flow\">\n<figure class=\"wp-block-image size-full\"><img loading=\"lazy\" decoding=\"async\" width=\"200\" height=\"68\" src=\"https:\/\/fussball.turbine-dresden.de\/wp-content\/uploads\/2021\/06\/Aslan-e1624979074421.png\" alt=\"\" class=\"wp-image-10986\"\/><\/figure>\n<\/div>\n\n\n\n<div class=\"wp-block-column is-layout-flow wp-block-column-is-layout-flow\">\n<figure class=\"wp-block-image size-full\"><a href=\"https:\/\/www.dvag.de\/Marie-Christin.Steffen\/index.html\"><img loading=\"lazy\" decoding=\"async\" width=\"440\" height=\"152\" src=\"https:\/\/fussball.turbine-dresden.de\/wp-content\/uploads\/2021\/09\/csm_DVAG-Logo_neu_2fda520fe2.jpg\" alt=\"\" class=\"wp-image-11264\" srcset=\"https:\/\/fussball.turbine-dresden.de\/wp-content\/uploads\/2021\/09\/csm_DVAG-Logo_neu_2fda520fe2.jpg 440w, https:\/\/fussball.turbine-dresden.de\/wp-content\/uploads\/2021\/09\/csm_DVAG-Logo_neu_2fda520fe2-300x104.jpg 300w\" sizes=\"auto, (max-width: 440px) 100vw, 440px\" \/><\/a><\/figure>\n<\/div>\n<\/div>\n\n\n\n<div class=\"wp-block-columns is-layout-flex wp-container-core-columns-is-layout-9d6595d7 wp-block-columns-is-layout-flex\">\n<div class=\"wp-block-column is-layout-flow wp-block-column-is-layout-flow\">\n<figure class=\"wp-block-image size-full\"><img decoding=\"async\" src=\"https:\/\/fussball.turbine-dresden.de\/wp-content\/uploads\/2022\/09\/2022-09-08-08_17_26-Window.png\" alt=\"\" class=\"wp-image-11604\"\/><\/figure>\n<\/div>\n\n\n\n<div class=\"wp-block-column is-layout-flow wp-block-column-is-layout-flow\">\n<figure class=\"wp-block-image size-full\"><img decoding=\"async\" src=\"https:\/\/fussball.turbine-dresden.de\/wp-content\/uploads\/2022\/09\/gratismonat_de_logo.png\" alt=\"\" class=\"wp-image-11603\"\/><\/figure>\n<\/div>\n\n\n\n<div class=\"wp-block-column is-layout-flow wp-block-column-is-layout-flow\">\n<figure class=\"wp-block-image size-full\"><a href=\"https:\/\/www.sport-saller.de\/de\/fanshop\/ssv-turbine-dresden\/?p=1\"><img loading=\"lazy\" decoding=\"async\" width=\"226\" height=\"223\" src=\"https:\/\/fussball.turbine-dresden.de\/wp-content\/uploads\/2022\/10\/Herunterladen.jpg\" alt=\"\" class=\"wp-image-11646\"\/><\/a><\/figure>\n<\/div>\n<\/div>\n\n\n\n<div class=\"wp-block-columns is-layout-flex wp-container-core-columns-is-layout-9d6595d7 wp-block-columns-is-layout-flex\">\n<div class=\"wp-block-column is-layout-flow wp-block-column-is-layout-flow\">\n<figure class=\"wp-block-image size-full is-resized\"><a href=\"https:\/\/www.frankrittnerfussballtrainer.de\/\"><img loading=\"lazy\" decoding=\"async\" width=\"433\" height=\"500\" src=\"https:\/\/fussball.turbine-dresden.de\/wp-content\/uploads\/2022\/11\/logo_2klein-1.png\" alt=\"\" class=\"wp-image-11671\" style=\"aspect-ratio:0.8953846153846153;width:141px;height:auto\" srcset=\"https:\/\/fussball.turbine-dresden.de\/wp-content\/uploads\/2022\/11\/logo_2klein-1.png 433w, https:\/\/fussball.turbine-dresden.de\/wp-content\/uploads\/2022\/11\/logo_2klein-1-260x300.png 260w\" sizes=\"auto, (max-width: 433px) 100vw, 433px\" \/><\/a><\/figure>\n<\/div>\n<\/div>\n","protected":false},"excerpt":{"rendered":"<p>Hier sehen Sie unsere Partner &#8211; Wir sind sehr stolz darauf als Verein mit diesen Firmen eine aktive Kooperation zu pflegen. Bei uns hei\u00dft es nicht nur &#8222;Geld ist wahres&#8220;, bei uns zahlt der &#8222;Win &#8211; Win&#8220; Effekt. Jede Kooperation ist f\u00fcr uns wichtig und Interessant. Wir sind eine gro\u00dfe Familie die f\u00fcr den gemeinsamen&hellip;<\/p>\n","protected":false},"author":3,"featured_media":0,"parent":0,"menu_order":0,"comment_status":"closed","ping_status":"closed","template":"","meta":{"footnotes":""},"class_list":["post-11215","page","type-page","status-publish","hentry"],"_links":{"self":[{"href":"https:\/\/fussball.turbine-dresden.de\/index.php\/wp-json\/wp\/v2\/pages\/11215","targetHints":{"allow":["GET"]}}],"collection":[{"href":"https:\/\/fussball.turbine-dresden.de\/index.php\/wp-json\/wp\/v2\/pages"}],"about":[{"href":"https:\/\/fussball.turbine-dresden.de\/index.php\/wp-json\/wp\/v2\/types\/page"}],"author":[{"embeddable":true,"href":"https:\/\/fussball.turbine-dresden.de\/index.php\/wp-json\/wp\/v2\/users\/3"}],"replies":[{"embeddable":true,"href":"https:\/\/fussball.turbine-dresden.de\/index.php\/wp-json\/wp\/v2\/comments?post=11215"}],"version-history":[{"count":9,"href":"https:\/\/fussball.turbine-dresden.de\/index.php\/wp-json\/wp\/v2\/pages\/11215\/revisions"}],"predecessor-version":[{"id":11855,"href":"https:\/\/fussball.turbine-dresden.de\/index.php\/wp-json\/wp\/v2\/pages\/11215\/revisions\/11855"}],"wp:attachment":[{"href":"https:\/\/fussball.turbine-dresden.de\/index.php\/wp-json\/wp\/v2\/media?parent=11215"}],"curies":[{"name":"wp","href":"https:\/\/api.w.org\/{rel}","templated":true}]}}